{"id":29,"date":"2026-02-17T10:35:00","date_gmt":"2026-02-17T10:35:00","guid":{"rendered":"https:\/\/mirelladiaz.fpcei.eu\/?page_id=29"},"modified":"2026-02-28T12:54:30","modified_gmt":"2026-02-28T12:54:30","slug":"estilo","status":"publish","type":"page","link":"https:\/\/mirelladiaz.fpcei.eu\/?page_id=29","title":{"rendered":"Estilo &#x1f9a2;&#x1f90d;"},"content":{"rendered":"\n<div class=\"wp-block-group alignfull is-style-section-5 has-global-padding is-layout-constrained wp-block-group-is-layout-constrained is-style-section-5--1\" style=\"margin-top:0;margin-bottom:0;padding-top:var(--wp--preset--spacing--50);padding-bottom:var(--wp--preset--spacing--50)\">\n<blockquote class=\"wp-block-quote is-layout-flow wp-block-quote-is-layout-flow\">\n<p>Estilo de los 2000, inspirado en personajes y m\u00fasicos de la \u00e9poca.<\/p>\n<\/blockquote>\n<\/div>\n\n\n\n<div class=\"wp-block-group alignfull is-style-section-1 has-global-padding is-layout-constrained wp-block-group-is-layout-constrained is-style-section-1--2\" style=\"margin-top:0;margin-bottom:0;padding-top:var(--wp--preset--spacing--80);padding-bottom:var(--wp--preset--spacing--80)\">\n<h2 class=\"wp-block-heading has-text-align-center\">El estilo m\u00e1s recordado  de esta \u00e9poca es el Y2K, con iconos como Britney Spears, tiro bajo, crop tops, colores y lentejuelas.<\/h2>\n\n\n\n<p>En caso de que os interese el estilo de los 2000 m\u00e1s enfocado al Y2K, aqu\u00ed ten\u00e9is un documento que he encontrado que habla de este estilo de forma m\u00e1s general. &#x1f90d;<\/p>\n\n\n\n<div data-wp-interactive=\"core\/file\" class=\"wp-block-file\"><object data-wp-bind--hidden=\"!state.hasPdfPreview\" hidden class=\"wp-block-file__embed\" data=\"https:\/\/mirelladiaz.fpcei.eu\/wp-content\/uploads\/2026\/02\/816279094-1.pdf\" type=\"application\/pdf\" style=\"width:100%;height:600px\" aria-label=\"Incrustado de 816279094.\"><\/object><a id=\"wp-block-file--media-2d5ccbab-ed29-491f-9fbd-07170cc627c4\" href=\"https:\/\/mirelladiaz.fpcei.eu\/wp-content\/uploads\/2026\/02\/816279094-1.pdf\">816279094<\/a><a href=\"https:\/\/mirelladiaz.fpcei.eu\/wp-content\/uploads\/2026\/02\/816279094-1.pdf\" class=\"wp-block-file__button wp-element-button\" download aria-describedby=\"wp-block-file--media-2d5ccbab-ed29-491f-9fbd-07170cc627c4\">Descarga<\/a><\/div>\n\n\n\n<div style=\"height:var(--wp--preset--spacing--30)\" aria-hidden=\"true\" class=\"wp-block-spacer\"><\/div>\n\n\n\n<div class=\"wp-block-group alignwide is-content-justification-center is-layout-flex wp-container-core-group-is-layout-2c471116 wp-block-group-is-layout-flex\">\n<figure class=\"wp-block-image size-full is-resized\"><img loading=\"lazy\" decoding=\"async\" width=\"828\" height=\"828\" src=\"https:\/\/mirelladiaz.fpcei.eu\/wp-content\/uploads\/2026\/02\/IMG_0177.jpeg\" alt=\"\" class=\"wp-image-98\" style=\"aspect-ratio:4\/3;object-fit:contain;width:150px\" srcset=\"https:\/\/mirelladiaz.fpcei.eu\/wp-content\/uploads\/2026\/02\/IMG_0177.jpeg 828w, https:\/\/mirelladiaz.fpcei.eu\/wp-content\/uploads\/2026\/02\/IMG_0177-300x300.jpeg 300w, https:\/\/mirelladiaz.fpcei.eu\/wp-content\/uploads\/2026\/02\/IMG_0177-150x150.jpeg 150w, https:\/\/mirelladiaz.fpcei.eu\/wp-content\/uploads\/2026\/02\/IMG_0177-768x768.jpeg 768w\" sizes=\"auto, (max-width: 828px) 100vw, 828px\" \/><\/figure>\n\n\n\n<figure class=\"wp-block-image size-full is-resized\"><img loading=\"lazy\" decoding=\"async\" width=\"544\" height=\"421\" src=\"https:\/\/mirelladiaz.fpcei.eu\/wp-content\/uploads\/2026\/02\/IMG_0176.jpeg\" alt=\"\" class=\"wp-image-99\" style=\"aspect-ratio:4\/3;object-fit:contain;width:150px\" srcset=\"https:\/\/mirelladiaz.fpcei.eu\/wp-content\/uploads\/2026\/02\/IMG_0176.jpeg 544w, https:\/\/mirelladiaz.fpcei.eu\/wp-content\/uploads\/2026\/02\/IMG_0176-300x232.jpeg 300w\" sizes=\"auto, (max-width: 544px) 100vw, 544px\" \/><\/figure>\n\n\n\n<figure class=\"wp-block-image size-full is-resized\"><img loading=\"lazy\" decoding=\"async\" width=\"1200\" height=\"1200\" src=\"https:\/\/mirelladiaz.fpcei.eu\/wp-content\/uploads\/2026\/02\/IMG_0178-1.jpeg\" alt=\"\" class=\"wp-image-102\" style=\"aspect-ratio:4\/3;object-fit:contain;width:150px\" srcset=\"https:\/\/mirelladiaz.fpcei.eu\/wp-content\/uploads\/2026\/02\/IMG_0178-1.jpeg 1200w, https:\/\/mirelladiaz.fpcei.eu\/wp-content\/uploads\/2026\/02\/IMG_0178-1-300x300.jpeg 300w, https:\/\/mirelladiaz.fpcei.eu\/wp-content\/uploads\/2026\/02\/IMG_0178-1-1024x1024.jpeg 1024w, https:\/\/mirelladiaz.fpcei.eu\/wp-content\/uploads\/2026\/02\/IMG_0178-1-150x150.jpeg 150w, https:\/\/mirelladiaz.fpcei.eu\/wp-content\/uploads\/2026\/02\/IMG_0178-1-768x768.jpeg 768w\" sizes=\"auto, (max-width: 1200px) 100vw, 1200px\" \/><\/figure>\n<\/div>\n\n\n\n<blockquote class=\"wp-block-quote is-layout-flow wp-block-quote-is-layout-flow\">\n<p>Sin embargo voy a hablar de un estilo diferente, m\u00e1s casual de los 2000, inspirados en personajes como Bella Swan o Elena Gilbert. &#x1f9a2;&#x1f90d;<\/p>\n\n\n\n<p>Para comenzar, es muy com\u00fan el uso de camisetas interiores blancas con encaje, para hacer efecto \u201clayering\u201d muy com\u00fan en este tipo de vestimenta, que consiste en usar diferentes capas para hacer de un outfit casual, algo m\u00e1s complejo y detallado.<\/p>\n\n\n\n<p>Despu\u00e9s, predominan mucho las camisetas o jers\u00e9is de colores neutros con cuello en forma de V, para dejar ver la prenda inferior.<\/p>\n\n\n\n<p>Tambi\u00e9n es com\u00fan el uso de tiro bajo, con vaqueros de colores oscuros, predominan los skinny jeans y los vaqueros campana.<\/p>\n<\/blockquote>\n\n\n\n<blockquote class=\"wp-block-quote is-layout-flow wp-block-quote-is-layout-flow\">\n<p>En cuanto a zapatos usan mucho las converse negras, y en cuanto accesorios, collares con un toque personal como los \u201clocket\u201d, bolsos medianos que complementen el outfit y combine con los colores\u2026 &#x1f45c;&#x1f90d;<\/p>\n<\/blockquote>\n<\/div>\n\n\n\n<div class=\"wp-block-group alignfull has-global-padding is-layout-constrained wp-container-core-group-is-layout-ebee8dc1 wp-block-group-is-layout-constrained\" style=\"margin-top:0;margin-bottom:0;padding-top:var(--wp--preset--spacing--50);padding-bottom:var(--wp--preset--spacing--50)\">\n<div class=\"wp-block-group alignwide is-layout-grid wp-container-core-group-is-layout-1ce758a5 wp-block-group-is-layout-grid\">\n<div class=\"wp-block-columns is-layout-flex wp-container-core-columns-is-layout-28f84493 wp-block-columns-is-layout-flex\">\n<div class=\"wp-block-column is-layout-flow wp-block-column-is-layout-flow\"><\/div>\n\n\n\n<div class=\"wp-block-column is-layout-flow wp-block-column-is-layout-flow\"><\/div>\n\n\n\n<div class=\"wp-block-column is-layout-flow wp-block-column-is-layout-flow\"><\/div>\n<\/div>\n<\/div>\n<\/div>\n\n\n\n<div class=\"wp-block-columns is-layout-flex wp-container-core-columns-is-layout-28f84493 wp-block-columns-is-layout-flex\">\n<div class=\"wp-block-column is-layout-flow wp-block-column-is-layout-flow\">\n<figure class=\"wp-block-image size-large\"><img loading=\"lazy\" decoding=\"async\" width=\"768\" height=\"1024\" src=\"https:\/\/mirelladiaz.fpcei.eu\/wp-content\/uploads\/2026\/02\/IMG_0181-768x1024.jpeg\" alt=\"\" class=\"wp-image-104\" srcset=\"https:\/\/mirelladiaz.fpcei.eu\/wp-content\/uploads\/2026\/02\/IMG_0181-768x1024.jpeg 768w, https:\/\/mirelladiaz.fpcei.eu\/wp-content\/uploads\/2026\/02\/IMG_0181-225x300.jpeg 225w, https:\/\/mirelladiaz.fpcei.eu\/wp-content\/uploads\/2026\/02\/IMG_0181.jpeg 996w\" sizes=\"auto, (max-width: 768px) 100vw, 768px\" \/><\/figure>\n<\/div>\n\n\n\n<div class=\"wp-block-column is-layout-flow wp-block-column-is-layout-flow\">\n<figure class=\"wp-block-image size-large\"><img loading=\"lazy\" decoding=\"async\" width=\"777\" height=\"1024\" src=\"https:\/\/mirelladiaz.fpcei.eu\/wp-content\/uploads\/2026\/02\/IMG_0183-777x1024.jpeg\" alt=\"\" class=\"wp-image-107\" srcset=\"https:\/\/mirelladiaz.fpcei.eu\/wp-content\/uploads\/2026\/02\/IMG_0183-777x1024.jpeg 777w, https:\/\/mirelladiaz.fpcei.eu\/wp-content\/uploads\/2026\/02\/IMG_0183-228x300.jpeg 228w, https:\/\/mirelladiaz.fpcei.eu\/wp-content\/uploads\/2026\/02\/IMG_0183-768x1013.jpeg 768w, https:\/\/mirelladiaz.fpcei.eu\/wp-content\/uploads\/2026\/02\/IMG_0183.jpeg 1080w\" sizes=\"auto, (max-width: 777px) 100vw, 777px\" \/><\/figure>\n<\/div>\n\n\n\n<div class=\"wp-block-column is-layout-flow wp-block-column-is-layout-flow\">\n<figure class=\"wp-block-image size-large\"><img loading=\"lazy\" decoding=\"async\" width=\"779\" height=\"1024\" src=\"https:\/\/mirelladiaz.fpcei.eu\/wp-content\/uploads\/2026\/02\/IMG_0182-779x1024.jpeg\" alt=\"\" class=\"wp-image-106\" srcset=\"https:\/\/mirelladiaz.fpcei.eu\/wp-content\/uploads\/2026\/02\/IMG_0182-779x1024.jpeg 779w, https:\/\/mirelladiaz.fpcei.eu\/wp-content\/uploads\/2026\/02\/IMG_0182-228x300.jpeg 228w, https:\/\/mirelladiaz.fpcei.eu\/wp-content\/uploads\/2026\/02\/IMG_0182-768x1009.jpeg 768w, https:\/\/mirelladiaz.fpcei.eu\/wp-content\/uploads\/2026\/02\/IMG_0182-1169x1536.jpeg 1169w, https:\/\/mirelladiaz.fpcei.eu\/wp-content\/uploads\/2026\/02\/IMG_0182.jpeg 1200w\" sizes=\"auto, (max-width: 779px) 100vw, 779px\" \/><\/figure>\n<\/div>\n<\/div>\n\n\n\n<p>Aqu\u00ed ten\u00e9is unos ejemplos con prendas que podr\u00e9is obtener en la tienda Angel\u2019s Love<\/p>\n\n\n\n<p>&#x1f90d;<\/p>\n\n\n\n<p>Ahora ve\u00e1moslo desde una perspectiva masculina:<\/p>\n\n\n\n<p>&#x1f90d;<\/p>\n\n\n\n<p>En el caso de la moda masculina tambi\u00e9n podemos ver el \u201coverlaying\u201d, en este caso usando camisetas de manga larga debajo de una camiseta de manga corta, predominaban los vaqueros anchos, y por supuesto las converse negras.<\/p>\n\n\n\n<div class=\"wp-block-columns is-layout-flex wp-container-core-columns-is-layout-28f84493 wp-block-columns-is-layout-flex\">\n<div class=\"wp-block-column is-layout-flow wp-block-column-is-layout-flow\">\n<figure class=\"wp-block-image size-large\"><img loading=\"lazy\" decoding=\"async\" width=\"576\" height=\"1024\" src=\"https:\/\/mirelladiaz.fpcei.eu\/wp-content\/uploads\/2026\/02\/IMG_0187-576x1024.jpeg\" alt=\"\" class=\"wp-image-108\" srcset=\"https:\/\/mirelladiaz.fpcei.eu\/wp-content\/uploads\/2026\/02\/IMG_0187-576x1024.jpeg 576w, https:\/\/mirelladiaz.fpcei.eu\/wp-content\/uploads\/2026\/02\/IMG_0187-169x300.jpeg 169w, https:\/\/mirelladiaz.fpcei.eu\/wp-content\/uploads\/2026\/02\/IMG_0187.jpeg 675w\" sizes=\"auto, (max-width: 576px) 100vw, 576px\" \/><\/figure>\n<\/div>\n\n\n\n<div class=\"wp-block-column is-layout-flow wp-block-column-is-layout-flow\">\n<figure class=\"wp-block-image size-full\"><img loading=\"lazy\" decoding=\"async\" width=\"733\" height=\"733\" src=\"https:\/\/mirelladiaz.fpcei.eu\/wp-content\/uploads\/2026\/02\/IMG_0188.jpeg\" alt=\"\" class=\"wp-image-109\" srcset=\"https:\/\/mirelladiaz.fpcei.eu\/wp-content\/uploads\/2026\/02\/IMG_0188.jpeg 733w, https:\/\/mirelladiaz.fpcei.eu\/wp-content\/uploads\/2026\/02\/IMG_0188-300x300.jpeg 300w, https:\/\/mirelladiaz.fpcei.eu\/wp-content\/uploads\/2026\/02\/IMG_0188-150x150.jpeg 150w\" sizes=\"auto, (max-width: 733px) 100vw, 733px\" \/><\/figure>\n<\/div>\n\n\n\n<div class=\"wp-block-column is-layout-flow wp-block-column-is-layout-flow\">\n<figure class=\"wp-block-image size-large\"><img loading=\"lazy\" decoding=\"async\" width=\"576\" height=\"1024\" src=\"https:\/\/mirelladiaz.fpcei.eu\/wp-content\/uploads\/2026\/02\/IMG_0189-576x1024.jpeg\" alt=\"\" class=\"wp-image-110\" srcset=\"https:\/\/mirelladiaz.fpcei.eu\/wp-content\/uploads\/2026\/02\/IMG_0189-576x1024.jpeg 576w, https:\/\/mirelladiaz.fpcei.eu\/wp-content\/uploads\/2026\/02\/IMG_0189-169x300.jpeg 169w, https:\/\/mirelladiaz.fpcei.eu\/wp-content\/uploads\/2026\/02\/IMG_0189.jpeg 675w\" sizes=\"auto, (max-width: 576px) 100vw, 576px\" \/><\/figure>\n<\/div>\n<\/div>\n\n\n\n<p><\/p>\n","protected":false},"excerpt":{"rendered":"<p>Estilo de los 2000, inspirado en personajes y m\u00fasicos de la \u00e9poca. El estilo m\u00e1s recordado de esta \u00e9poca es el Y2K, con iconos como Britney Spears, tiro bajo, crop tops, colores y lentejuelas. En caso de que os interese el estilo de los 2000 m\u00e1s enfocado al Y2K, aqu\u00ed ten\u00e9is un documento que he [&hellip;]<\/p>\n","protected":false},"author":2,"featured_media":0,"parent":0,"menu_order":0,"comment_status":"closed","ping_status":"closed","template":"","meta":{"footnotes":""},"class_list":["post-29","page","type-page","status-publish","hentry"],"_links":{"self":[{"href":"https:\/\/mirelladiaz.fpcei.eu\/index.php?rest_route=\/wp\/v2\/pages\/29","targetHints":{"allow":["GET"]}}],"collection":[{"href":"https:\/\/mirelladiaz.fpcei.eu\/index.php?rest_route=\/wp\/v2\/pages"}],"about":[{"href":"https:\/\/mirelladiaz.fpcei.eu\/index.php?rest_route=\/wp\/v2\/types\/page"}],"author":[{"embeddable":true,"href":"https:\/\/mirelladiaz.fpcei.eu\/index.php?rest_route=\/wp\/v2\/users\/2"}],"replies":[{"embeddable":true,"href":"https:\/\/mirelladiaz.fpcei.eu\/index.php?rest_route=%2Fwp%2Fv2%2Fcomments&post=29"}],"version-history":[{"count":3,"href":"https:\/\/mirelladiaz.fpcei.eu\/index.php?rest_route=\/wp\/v2\/pages\/29\/revisions"}],"predecessor-version":[{"id":223,"href":"https:\/\/mirelladiaz.fpcei.eu\/index.php?rest_route=\/wp\/v2\/pages\/29\/revisions\/223"}],"wp:attachment":[{"href":"https:\/\/mirelladiaz.fpcei.eu\/index.php?rest_route=%2Fwp%2Fv2%2Fmedia&parent=29"}],"curies":[{"name":"wp","href":"https:\/\/api.w.org\/{rel}","templated":true}]}}